{"id":2431,"date":"2023-01-16T21:29:23","date_gmt":"2023-01-16T20:29:23","guid":{"rendered":"https:\/\/sephira.fotografie-websites.de\/?page_id=3"},"modified":"2024-12-20T15:08:05","modified_gmt":"2024-12-20T15:08:05","slug":"datenschutz","status":"publish","type":"page","link":"https:\/\/ladyz-misterb.de\/home\/datenschutz","title":{"rendered":"Datenschutzerkl\u00e4rung"},"content":{"rendered":"<style>.kb-row-layout-id2431_ae2379-5e > .kt-row-column-wrap{align-content:start;}:where(.kb-row-layout-id2431_ae2379-5e > .kt-row-column-wrap) > .wp-block-kadence-column{justify-content:start;}.kb-row-layout-id2431_ae2379-5e > .kt-row-column-wrap{column-gap:var(--global-kb-gap-md, 2rem);row-gap:var(--global-kb-gap-md, 2rem);max-width:var( --global-content-width, 1290px );padding-left:var(--global-content-edge-padding);padding-right:var(--global-content-edge-padding);padding-top:var(--global-kb-spacing-sm, 1.5rem);padding-bottom:var(--global-kb-spacing-sm, 1.5rem);grid-template-columns:minmax(0, 1fr);}.kb-row-layout-id2431_ae2379-5e > .kt-row-layout-overlay{opacity:0.30;}@media all and (max-width: 1024px){.kb-row-layout-id2431_ae2379-5e > .kt-row-column-wrap{grid-template-columns:minmax(0, 1fr);}}@media all and (max-width: 767px){.kb-row-layout-id2431_ae2379-5e > .kt-row-column-wrap{grid-template-columns:minmax(0, 1fr);}}<\/style><div class=\"kb-row-layout-wrap kb-row-layout-id2431_ae2379-5e alignnone wp-block-kadence-rowlayout\"><div class=\"kt-row-column-wrap kt-has-1-columns kt-row-layout-equal kt-tab-layout-inherit kt-mobile-layout-row kt-row-valign-top kb-theme-content-width\">\n<style>.kadence-column2431_a4e86e-6f > .kt-inside-inner-col,.kadence-column2431_a4e86e-6f > .kt-inside-inner-col:before{border-top-left-radius:0px;border-top-right-radius:0px;border-bottom-right-radius:0px;border-bottom-left-radius:0px;}.kadence-column2431_a4e86e-6f > .kt-inside-inner-col{column-gap:var(--global-kb-gap-sm, 1rem);}.kadence-column2431_a4e86e-6f > .kt-inside-inner-col{flex-direction:column;}.kadence-column2431_a4e86e-6f > .kt-inside-inner-col > .aligncenter{width:100%;}.kadence-column2431_a4e86e-6f > .kt-inside-inner-col:before{opacity:0.3;}.kadence-column2431_a4e86e-6f{position:relative;}@media all and (max-width: 1024px){.kadence-column2431_a4e86e-6f > .kt-inside-inner-col{flex-direction:column;justify-content:center;}}@media all and (max-width: 767px){.kadence-column2431_a4e86e-6f > .kt-inside-inner-col{flex-direction:column;justify-content:center;}}<\/style>\n<div class=\"wp-block-kadence-column kadence-column2431_a4e86e-6f\"><div class=\"kt-inside-inner-col\"><style>.wp-block-kadence-advancedheading.kt-adv-heading2431_baf44a-2c, .wp-block-kadence-advancedheading.kt-adv-heading2431_baf44a-2c[data-kb-block=\"kb-adv-heading2431_baf44a-2c\"]{font-style:normal;}.wp-block-kadence-advancedheading.kt-adv-heading2431_baf44a-2c mark.kt-highlight, .wp-block-kadence-advancedheading.kt-adv-heading2431_baf44a-2c[data-kb-block=\"kb-adv-heading2431_baf44a-2c\"] mark.kt-highlight{font-style:normal;color:#f76a0c;-webkit-box-decoration-break:clone;box-decoration-break:clone;padding-top:0px;padding-right:0px;padding-bottom:0px;padding-left:0px;}.wp-block-kadence-advancedheading.kt-adv-heading2431_baf44a-2c img.kb-inline-image, .wp-block-kadence-advancedheading.kt-adv-heading2431_baf44a-2c[data-kb-block=\"kb-adv-heading2431_baf44a-2c\"] img.kb-inline-image{width:150px;vertical-align:baseline;}@media all and (max-width: 767px){.wp-block-kadence-advancedheading.kt-adv-heading2431_baf44a-2c, .wp-block-kadence-advancedheading.kt-adv-heading2431_baf44a-2c[data-kb-block=\"kb-adv-heading2431_baf44a-2c\"]{font-size:var(--global-kb-font-size-md, 1.25rem);}}<\/style>\n<h1 class=\"kt-adv-heading2431_baf44a-2c wp-block-kadence-advancedheading\" data-kb-block=\"kb-adv-heading2431_baf44a-2c\">DATENSCHUTZERKL\u00c4RUNG<\/h1>\n\n\n\n<h2 class=\"wp-block-heading\">Verantwortlicher<\/h2>\n\n\n\n<p>Verantwortlicher im Sinne der Datenschutzgesetze, insbesondere der EU-Datenschutz-Grundverordnung (DSGVO), ist:<\/p>\n\n\n\n<p>Ramadan Basali und Agnes Basali, Gartenstr. 2, 55469 Simmern<\/p>\n\n\n\n<h2 class=\"wp-block-heading\">Ihre Betroffenenrechte<\/h2>\n\n\n\n<p>Unter den angegebenen Kontaktdaten k\u00f6nnen Sie gem\u00e4\u00df EU-Datenschutz-Grundverordnung (DSGVO) jederzeit folgende Rechte aus\u00fcben:<\/p>\n\n\n\n<ul class=\"wp-block-list\">\n<li>Auskunft \u00fcber Ihre bei uns gespeicherten Daten und deren Verarbeitung (Art. 15 DSGVO),<\/li>\n\n\n\n<li>Berichtigung unrichtiger personenbezogener Daten (Art. 16 DSGVO),<\/li>\n\n\n\n<li>L\u00f6schung Ihrer bei uns gespeicherten Daten (Art. 17 DSGVO),<\/li>\n\n\n\n<li>Einschr\u00e4nkung der Datenverarbeitung, sofern wir Ihre Daten aufgrund gesetzlicher Pflichten noch nicht l\u00f6schen d\u00fcrfen (Art. 18 DSGVO),<\/li>\n\n\n\n<li>Widerspruch gegen die Verarbeitung Ihrer Daten bei uns (Art. 21 DSGVO) und<\/li>\n\n\n\n<li>Daten\u00fcbertragbarkeit, sofern Sie in die Datenverarbeitung eingewilligt haben oder einen Vertrag mit uns abgeschlossen haben (Art. 20 DSGVO).<\/li>\n<\/ul>\n\n\n\n<p>Sofern Sie uns eine Einwilligung erteilt haben, k\u00f6nnen Sie diese jederzeit mit Wirkung f\u00fcr die Zukunft widerrufen.<\/p>\n\n\n\n<p>Sie k\u00f6nnen sich jederzeit mit einer Beschwerde an eine Aufsichtsbeh\u00f6rde wenden, z. B. an die zust\u00e4ndige Aufsichtsbeh\u00f6rde des Bundeslands Ihres Wohnsitzes oder an die f\u00fcr uns als verantwortliche Stelle zust\u00e4ndige Beh\u00f6rde.<\/p>\n\n\n\n<p>Eine Liste der Aufsichtsbeh\u00f6rden (f\u00fcr den nicht\u00f6ffentlichen Bereich) mit Anschrift finden Sie unter: <a href=\"https:\/\/www.bfdi.bund.de\/DE\/Infothek\/Anschriften_Links\/anschriften_links-node.html\">https:\/\/www.bfdi.bund.de\/DE\/Infothek\/Anschriften_Links\/anschriften_links-node.html<\/a>.<\/p>\n\n\n\n<h2 class=\"wp-block-heading\">Verarbeitungst\u00e4tigkeiten<\/h2>\n\n\n\n<h3 class=\"wp-block-heading\">Erfassung allgemeiner Informationen beim Besuch unserer Website<\/h3>\n\n\n\n<h4 class=\"wp-block-heading\">Art und Zweck der Verarbeitung<\/h4>\n\n\n\n<p>Wenn Sie auf unsere Website zugreifen, d.h., wenn Sie sich nicht registrieren oder anderweitig Informationen \u00fcbermitteln, werden automatisch Informationen allgemeiner Natur erfasst. Diese Informationen (Server-Logfiles) beinhalten etwa die Art des Webbrowsers, das verwendete Betriebssystem, den Domainnamen Ihres Internet-Service-Providers, Ihre IP-Adresse und \u00e4hnliches.<\/p>\n\n\n\n<p>Sie werden insbesondere zu folgenden Zwecken verarbeitet:<\/p>\n\n\n\n<ul class=\"wp-block-list\">\n<li>zur technisch fehlerfreien Darstellung und Optimierung der Website<\/li>\n<\/ul>\n\n\n\n<p>Wir verwenden Ihre Daten nicht, um R\u00fcckschl\u00fcsse auf Ihre Person zu ziehen. Allerdings behalten wir uns vor, die Server-Logfiles nachtr\u00e4glich zu \u00fcberpr\u00fcfen, sollten konkrete Anhaltspunkte auf eine rechtswidrige Nutzung hinweisen.<\/p>\n\n\n\n<h4 class=\"wp-block-heading\">Rechtsgrundlage und berechtigtes Interesse<\/h4>\n\n\n\n<p>Die Verarbeitung erfolgt gem\u00e4\u00df Art. 6 Abs. 1 lit. f DSGVO auf Basis unseres berechtigten Interesses an der Verbesserung der Stabilit\u00e4t und Funktionalit\u00e4t unserer Website sowie der Sicherstellung der Systemsicherheit und Missbrauchserkennung.<\/p>\n\n\n\n<h4 class=\"wp-block-heading\">Empf\u00e4nger<\/h4>\n\n\n\n<p>Empf\u00e4nger der Daten sind ggf. technische Dienstleister, die f\u00fcr den Betrieb und die Wartung unserer Webseite als Auftragsverarbeiter t\u00e4tig werden.<\/p>\n\n\n\n<h4 class=\"wp-block-heading\">Speicherdauer<\/h4>\n\n\n\n<p>Daten werden in Server-Log-Dateien in einer Form, die die Identifizierung der betroffenen Personen erm\u00f6glicht, maximal f\u00fcr 14 Tage gespeichert; es sei denn, dass ein sicherheitsrelevantes Ereignis auftritt (z.B. ein DDoS-Angriff).<\/p>\n\n\n\n<p>Im Falle eines solchen Ereignisses werden Server-Log-Dateien bis zur Beseitigung und vollst\u00e4ndigen Aufkl\u00e4rung des sicherheitsrelevanten Ereignisses gespeichert.<\/p>\n\n\n\n<h4 class=\"wp-block-heading\">Bereitstellung vorgeschrieben oder erforderlich<\/h4>\n\n\n\n<p>Die Bereitstellung der vorgenannten personenbezogenen Daten ist weder gesetzlich noch vertraglich vorgeschrieben. Ohne die IP-Adresse ist jedoch der Dienst und die Funktionsf\u00e4higkeit unserer Website nicht gew\u00e4hrleistet. Zudem k\u00f6nnen einzelne Dienste und Services nicht verf\u00fcgbar oder eingeschr\u00e4nkt sein.<\/p>\n\n\n\n<h4 class=\"wp-block-heading\">Widerspruch<\/h4>\n\n\n\n<p>Lesen Sie dazu die Informationen \u00fcber Ihr Widerspruchsrecht nach Art. 21 DSGVO weiter unten.<\/p>\n\n\n\n<h3 class=\"wp-block-heading\">Kontaktaufnahme<\/h3>\n\n\n\n<p>Art und Zweck der Verarbeitung<\/p>\n\n\n\n<p>Eine Kontaktaufnahme ist \u00fcber die bereitgestellten E-Mail-Adressen m\u00f6glich. In diesem Fall werden die mit der E-Mail \u00fcbermittelten personenbezogenen Daten des Nutzers gespeichert. Hierzu z\u00e4hlen Datum und Uhrzeit des E-Mailversands, E-Mailadresse, IP-Adressen sowie Informationen zu den an der E-Mail-Kommunikation beteiligten Servern.<\/p>\n\n\n\n<p>Sie k\u00f6nnen Sie \u00fcber die bereitgestellten Telefonnummern Kontakt zu uns aufnehmen. Hierbei erheben wir Protokolldaten, die Ihre Telefonnummer und die Dauer des Gespr\u00e4chs beinhalten.<\/p>\n\n\n\n<p>Unabh\u00e4ngig von der gew\u00e4hlten Kommunikationsart erheben wir den Inhalt Ihrer Anfrage. Ihre Daten werden zum Zweck der individuellen Kommunikation mit Ihnen gespeichert.<\/p>\n\n\n\n<h4 class=\"wp-block-heading\">Rechtsgrundlage<\/h4>\n\n\n\n<p>Die Verarbeitung der Daten erfolgt auf der Grundlage eines berechtigten Interesses (Art. 6 Abs. 1 lit. f DSGVO).<\/p>\n\n\n\n<p>Unser berechtigtes Interesse an der Verarbeitung Ihrer Daten ist die Erm\u00f6glichung einer unkomplizierten Kontaktaufnahme.<\/p>\n\n\n\n<p>Sofern Sie mit uns Kontakt aufnehmen, um ein Angebot zu erfragen, erfolgt die Verarbeitung der Daten zur Durchf\u00fchrung vorvertraglicher Ma\u00dfnahmen (Art. 6 Abs. 1 lit. b DSGVO).<\/p>\n\n\n\n<h4 class=\"wp-block-heading\">Empf\u00e4nger<\/h4>\n\n\n\n<p>Empf\u00e4nger der Daten sind ggf. technische Dienstleister, die f\u00fcr den Betrieb und die Wartung unserer Webseite als Auftragsverarbeiter t\u00e4tig werden.<\/p>\n\n\n\n<h4 class=\"wp-block-heading\">Speicherdauer<\/h4>\n\n\n\n<p>Daten werden sp\u00e4testens sechs Monate nach Bearbeitung der Kontaktaufnahme gel\u00f6scht.<\/p>\n\n\n\n<p>Sofern es zu einem Vertragsverh\u00e4ltnis kommt, unterliegen wir den gesetzlichen Aufbewahrungsfristen. Diese betragen grunds\u00e4tzlich 6 oder 10 Jahre aus Gr\u00fcnden der ordnungsm\u00e4\u00dfigen Buchf\u00fchrung und steuerrechtlichen Anforderungen.<\/p>\n\n\n\n<h4 class=\"wp-block-heading\">Bereitstellung vorgeschrieben oder erforderlich<\/h4>\n\n\n\n<p>Die Bereitstellung Ihrer personenbezogenen Daten erfolgt freiwillig. Wir k\u00f6nnen Ihre Anfrage jedoch nur bearbeiten, sofern Sie uns die erforderlichen Daten und den Grund der Anfrage mitteilen.<\/p>\n\n\n\n<h4 class=\"wp-block-heading\">Widerspruch<\/h4>\n\n\n\n<p>Lesen Sie dazu die Informationen \u00fcber Ihr Widerspruchsrecht nach Art. 21 DSGVO weiter unten.<\/p>\n\n\n\n<h2 class=\"wp-block-heading\">Information \u00fcber Ihr Widerspruchsrecht nach Art. 21 DSGVO<\/h2>\n\n\n\n<h3 class=\"wp-block-heading\">Einzelfallbezogenes Widerspruchsrecht<\/h3>\n\n\n\n<p>Sie haben das Recht, aus Gr\u00fcnden, die sich aus Ihrer besonderen Situation ergeben, jederzeit gegen die Verarbeitung Sie betreffender personenbezogener Daten, die aufgrund Art. 6 Abs. 1 lit. f DSGVO (Datenverarbeitung auf der Grundlage einer Interessenabw\u00e4gung) erfolgt, Widerspruch einzulegen; dies gilt auch f\u00fcr ein auf diese Bestimmung gest\u00fctztes Profiling im Sinne von Art. 4 Nr. 4 DSGVO.<\/p>\n\n\n\n<p>Legen Sie Widerspruch ein, werden wir Ihre personenbezogenen Daten nicht mehr verarbeiten, es sei denn, wir k\u00f6nnen zwingende schutzw\u00fcrdige Gr\u00fcnde f\u00fcr die Verarbeitung nachweisen, die Ihre Interessen, Rechte und Freiheiten \u00fcberwiegen, oder die Verarbeitung dient der Geltendmachung, Aus\u00fcbung oder Verteidigung von Rechtsanspr\u00fcchen.<\/p>\n\n\n\n<h3 class=\"wp-block-heading\">Empf\u00e4nger eines Widerspruchs<\/h3>\n\n\n\n<p>Ramadan Basali und Agnes Basali, Gartenstr. 2, 55469 Simmern<\/p>\n\n\n\n<h2 class=\"wp-block-heading\">\u00c4nderung unserer Datenschutzerkl\u00e4rung<\/h2>\n\n\n\n<p>Wir behalten uns vor, diese Datenschutzerkl\u00e4rung anzupassen, damit sie stets den aktuellen rechtlichen Anforderungen entspricht oder um \u00c4nderungen unserer Leistungen in der Datenschutzerkl\u00e4rung umzusetzen, z.B. bei der Einf\u00fchrung neuer Services. F\u00fcr Ihren erneuten Besuch gilt dann die neue Datenschutzerkl\u00e4rung.<\/p>\n\n\n\n<h2 class=\"wp-block-heading\">Fragen zum Datenschutz<\/h2>\n\n\n\n<p>Wenn Sie Fragen zum Datenschutz haben, schreiben Sie uns bitte eine E-Mail an den oben genannten Verantwortlichen.<\/p>\n\n\n\n<h2 class=\"wp-block-heading\">Urheberrechtliche Hinweise<\/h2>\n\n\n\n<p><em>Diese Datenschutzerkl\u00e4rung wurde mit Hilfe der activeMind AG erstellt \u2013 den Experten f\u00fcr <a href=\"https:\/\/www.activemind.de\/datenschutz\/datenschutzbeauftragter\/\" target=\"_blank\" rel=\"noreferrer noopener\">externe Datenschutzbeauftragte<\/a> (Version #2024-10-25).<\/em><\/p>\n<\/div><\/div>\n\n<\/div><\/div>\n\n\n<p><\/p>\n","protected":false},"excerpt":{"rendered":"<p>DATENSCHUTZERKL\u00c4RUNG Verantwortlicher Verantwortlicher im Sinne der Datenschutzgesetze, insbesondere der EU-Datenschutz-Grundverordnung (DSGVO), ist: Ramadan Basali und Agnes Basali, Gartenstr. 2, 55469 Simmern Ihre Betroffenenrechte Unter den angegebenen Kontaktdaten k\u00f6nnen Sie gem\u00e4\u00df EU-Datenschutz-Grundverordnung (DSGVO) jederzeit folgende Rechte aus\u00fcben: Sofern Sie uns eine Einwilligung erteilt haben, k\u00f6nnen Sie diese jederzeit mit Wirkung f\u00fcr die Zukunft widerrufen. Sie k\u00f6nnen&#8230;<\/p>\n","protected":false},"author":1,"featured_media":0,"parent":0,"menu_order":0,"comment_status":"closed","ping_status":"closed","template":"","meta":{"_kadence_starter_templates_imported_post":true,"_kad_post_transparent":"","_kad_post_title":"","_kad_post_layout":"","_kad_post_sidebar_id":"","_kad_post_content_style":"","_kad_post_vertical_padding":"","_kad_post_feature":"","_kad_post_feature_position":"","_kad_post_header":false,"_kad_post_footer":false,"footnotes":""},"class_list":["post-2431","page","type-page","status-publish","hentry"],"_links":{"self":[{"href":"https:\/\/ladyz-misterb.de\/home\/wp-json\/wp\/v2\/pages\/2431","targetHints":{"allow":["GET"]}}],"collection":[{"href":"https:\/\/ladyz-misterb.de\/home\/wp-json\/wp\/v2\/pages"}],"about":[{"href":"https:\/\/ladyz-misterb.de\/home\/wp-json\/wp\/v2\/types\/page"}],"author":[{"embeddable":true,"href":"https:\/\/ladyz-misterb.de\/home\/wp-json\/wp\/v2\/users\/1"}],"replies":[{"embeddable":true,"href":"https:\/\/ladyz-misterb.de\/home\/wp-json\/wp\/v2\/comments?post=2431"}],"version-history":[{"count":2,"href":"https:\/\/ladyz-misterb.de\/home\/wp-json\/wp\/v2\/pages\/2431\/revisions"}],"predecessor-version":[{"id":2463,"href":"https:\/\/ladyz-misterb.de\/home\/wp-json\/wp\/v2\/pages\/2431\/revisions\/2463"}],"wp:attachment":[{"href":"https:\/\/ladyz-misterb.de\/home\/wp-json\/wp\/v2\/media?parent=2431"}],"curies":[{"name":"wp","href":"https:\/\/api.w.org\/{rel}","templated":true}]}}